{"id":51237,"date":"2022-05-19T19:58:07","date_gmt":"2022-05-20T02:58:07","guid":{"rendered":"https:\/\/atri.usc.edu\/libby\/para-proveedores\/"},"modified":"2025-05-21T04:34:07","modified_gmt":"2025-05-21T11:34:07","slug":"para-proveedores","status":"publish","type":"page","link":"https:\/\/libbystudy.org\/es\/para-proveedores\/","title":{"rendered":"Para proveedores"},"content":{"rendered":"<p>[et_pb_section fb_built=&#8221;1&#8243; _builder_version=&#8221;4.17.4&#8243; _module_preset=&#8221;default&#8221; background_color=&#8221;#FFFFFF&#8221; custom_padding=&#8221;0px|0px|0|0px|false|false&#8221; locked=&#8221;off&#8221; global_colors_info=&#8221;{}&#8221;][et_pb_row column_structure=&#8221;2_3,1_3&#8243; use_custom_gutter=&#8221;on&#8221; gutter_width=&#8221;1&#8243; module_class=&#8221; et_pb_row_fullwidth&#8221; _builder_version=&#8221;4.18.0&#8243; _module_preset=&#8221;default&#8221; width=&#8221;100%&#8221; width_tablet=&#8221;100%&#8221; width_phone=&#8221;100%&#8221; width_last_edited=&#8221;on|desktop&#8221; max_width=&#8221;100%&#8221; max_width_tablet=&#8221;100%&#8221; max_width_phone=&#8221;100%&#8221; max_width_last_edited=&#8221;on|desktop&#8221; custom_padding=&#8221;0px|0px|0|0px|false|false&#8221; animation_direction=&#8221;right&#8221; make_fullwidth=&#8221;on&#8221; locked=&#8221;off&#8221; global_colors_info=&#8221;{}&#8221;][et_pb_column type=&#8221;2_3&#8243; _builder_version=&#8221;4.16&#8243; _module_preset=&#8221;default&#8221; background_color=&#8221;#477169&#8243; custom_padding=&#8221;6%|6%|2%|6%&#8221; global_colors_info=&#8221;{}&#8221; custom_padding__hover=&#8221;|||&#8221;][et_pb_text _builder_version=&#8221;4.22.1&#8243; _module_preset=&#8221;ee342e2a-648f-49cd-a913-94499ea1fdad&#8221; text_font=&#8221;Source Sans Pro||||||||&#8221; text_text_color=&#8221;#FFFFFF&#8221; text_font_size=&#8221;22px&#8221; header_font=&#8221;Lora||||||||&#8221; header_text_color=&#8221;#FFFFFF&#8221; header_font_size=&#8221;53px&#8221; header_2_font=&#8221;Lora||||||||&#8221; header_2_text_color=&#8221;#FFFFFF&#8221; header_2_font_size=&#8221;53px&#8221; header_3_font=&#8221;Lora||||||||&#8221; header_3_text_color=&#8221;#477169&#8243; header_3_font_size=&#8221;38px&#8221; header_4_font=&#8221;Source Sans Pro||||||||&#8221; header_4_text_color=&#8221;#477169&#8243; header_4_font_size=&#8221;32px&#8221; header_5_font=&#8221;Lora||||||||&#8221; header_5_text_color=&#8221;#477169&#8243; header_5_font_size=&#8221;22px&#8221; header_6_font=&#8221;Source Sans Pro|||on|||||&#8221; custom_padding=&#8221;||3px||false|false&#8221; header_font_size_tablet=&#8221;53px&#8221; header_font_size_phone=&#8221;40px&#8221; header_font_size_last_edited=&#8221;on|phone&#8221; global_colors_info=&#8221;{}&#8221;]<\/p>\n<h1>Proveedores m\u00e9dicos y centros asociados<\/h1>\n<p>[\/et_pb_text][et_pb_text _builder_version=&#8221;4.16&#8243; _module_preset=&#8221;ee342e2a-648f-49cd-a913-94499ea1fdad&#8221; text_font=&#8221;Source Sans Pro||||||||&#8221; text_text_color=&#8221;#477169&#8243; text_font_size=&#8221;22px&#8221; header_font=&#8221;Lora|600|||||||&#8221; header_text_color=&#8221;#477169&#8243; header_2_font=&#8221;Lora||||||||&#8221; header_2_text_color=&#8221;#477169&#8243; header_2_font_size=&#8221;53px&#8221; header_3_font=&#8221;Lora||||||||&#8221; header_3_text_color=&#8221;#477169&#8243; header_3_font_size=&#8221;38px&#8221; header_4_font=&#8221;Source Sans Pro||||||||&#8221; header_4_text_color=&#8221;#477169&#8243; header_4_font_size=&#8221;30px&#8221; header_5_font=&#8221;Lora||||||||&#8221; header_5_text_color=&#8221;#477169&#8243; header_5_font_size=&#8221;22px&#8221; header_6_font=&#8221;Source Sans Pro|||on|||||&#8221; custom_margin=&#8221;||24px&#8221; custom_padding=&#8221;|||2px&#8221; global_colors_info=&#8221;{}&#8221;][\/et_pb_text][\/et_pb_column][et_pb_column type=&#8221;1_3&#8243; _builder_version=&#8221;4.16&#8243; _module_preset=&#8221;default&#8221; custom_padding=&#8221;|6%||&#8221; global_colors_info=&#8221;{}&#8221; custom_padding__hover=&#8221;|||&#8221;][\/et_pb_column][\/et_pb_row][\/et_pb_section][et_pb_section fb_built=&#8221;1&#8243; _builder_version=&#8221;4.17.4&#8243; _module_preset=&#8221;default&#8221; background_enable_image=&#8221;off&#8221; custom_padding=&#8221;||5px|||&#8221; global_colors_info=&#8221;{}&#8221;][et_pb_row _builder_version=&#8221;4.22.1&#8243; _module_preset=&#8221;default&#8221; width=&#8221;50%&#8221; width_tablet=&#8221;50%&#8221; width_phone=&#8221;80%&#8221; width_last_edited=&#8221;on|phone&#8221; custom_padding=&#8221;||48px|||&#8221; locked=&#8221;off&#8221; global_colors_info=&#8221;{}&#8221; width__hover_enabled=&#8221;off|desktop&#8221;][et_pb_column type=&#8221;4_4&#8243; _builder_version=&#8221;4.17.4&#8243; _module_preset=&#8221;default&#8221; global_colors_info=&#8221;{}&#8221;][et_pb_text _builder_version=&#8221;4.18.0&#8243; custom_margin=&#8221;|||||false&#8221; custom_padding=&#8221;|2px||2px|false|true&#8221; global_colors_info=&#8221;{}&#8221;]<\/p>\n<p>El Estudio LiBBY es un ensayo cl\u00ednico dise\u00f1ado para probar la tolerabilidad y eficacia de una combinaci\u00f3n oral de Delta-9-tetrahidrocannabinol (THC) y cannabidiol (CBD) para reducir la agitaci\u00f3n en las personas en las \u00faltimas etapas de la vida con la enfermedad de Alzheimer u otros tipos de demencia, en comparaci\u00f3n con el placebo.<\/p>\n<p>[\/et_pb_text][\/et_pb_column][\/et_pb_row][\/et_pb_section][et_pb_section fb_built=&#8221;1&#8243; _builder_version=&#8221;4.22.1&#8243; _module_preset=&#8221;default&#8221; background_enable_image=&#8221;off&#8221; custom_padding=&#8221;18px||80px|||&#8221; global_colors_info=&#8221;{}&#8221;][et_pb_row _builder_version=&#8221;4.17.4&#8243; _module_preset=&#8221;default&#8221; global_colors_info=&#8221;{}&#8221;][et_pb_column type=&#8221;4_4&#8243; _builder_version=&#8221;4.17.4&#8243; _module_preset=&#8221;default&#8221; global_colors_info=&#8221;{}&#8221;][et_pb_text _builder_version=&#8221;4.22.1&#8243; _module_preset=&#8221;default&#8221; global_colors_info=&#8221;{}&#8221;]<\/p>\n<h3 style=\"text-align: center;\">El Estudio LiBBY es<\/h3>\n<p>[\/et_pb_text][\/et_pb_column][\/et_pb_row][et_pb_row column_structure=&#8221;2_5,3_5&#8243; custom_padding_last_edited=&#8221;on|phone&#8221; _builder_version=&#8221;4.22.1&#8243; _module_preset=&#8221;default&#8221; width=&#8221;50%&#8221; width_tablet=&#8221;50%&#8221; width_phone=&#8221;80%&#8221; width_last_edited=&#8221;on|phone&#8221; custom_padding=&#8221;|||40px|false|false&#8221; custom_padding_tablet=&#8221;|||40px|false|false&#8221; custom_padding_phone=&#8221;|||0px|false|false&#8221; hover_enabled=&#8221;0&#8243; global_colors_info=&#8221;{}&#8221; module_class=&#8221;libby-study&#8221; sticky_enabled=&#8221;0&#8243;][et_pb_column type=&#8221;2_5&#8243; _builder_version=&#8221;4.17.4&#8243; _module_preset=&#8221;default&#8221; global_colors_info=&#8221;{}&#8221;][et_pb_blurb image=&#8221;https:\/\/libbystudy.org\/wp-content\/uploads\/sites\/2\/2022\/10\/Leaf-Graphic.png&#8221; icon_placement=&#8221;left&#8221; image_icon_width=&#8221;24px&#8221; _builder_version=&#8221;4.22.1&#8243; _module_preset=&#8221;default&#8221; body_font_size=&#8221;20px&#8221; custom_margin=&#8221;0px||||false|false&#8221; custom_padding=&#8221;|||0px|true|false&#8221; animation=&#8221;off&#8221; hover_enabled=&#8221;0&#8243; icon_font_size=&#8221;28px&#8221; global_colors_info=&#8221;{}&#8221; sticky_enabled=&#8221;0&#8243;]<\/p>\n<p style=\"text-align: left;\">Fase II<\/p>\n<p>[\/et_pb_blurb][\/et_pb_column][et_pb_column type=&#8221;3_5&#8243; _builder_version=&#8221;4.17.4&#8243; _module_preset=&#8221;default&#8221; global_colors_info=&#8221;{}&#8221;][et_pb_blurb image=&#8221;https:\/\/libbystudy.org\/wp-content\/uploads\/sites\/2\/2022\/10\/Leaf-Graphic.png&#8221; icon_placement=&#8221;left&#8221; image_icon_width=&#8221;24px&#8221; _builder_version=&#8221;4.18.0&#8243; _module_preset=&#8221;default&#8221; body_font_size=&#8221;20px&#8221; custom_margin=&#8221;0px||||false|false&#8221; custom_padding=&#8221;|||0px|true|&#8221; animation=&#8221;off&#8221; icon_font_size=&#8221;28px&#8221; global_colors_info=&#8221;{}&#8221;]<\/p>\n<p style=\"text-align: left;\">Doble ciego<\/p>\n<p>[\/et_pb_blurb][\/et_pb_column][\/et_pb_row][et_pb_row column_structure=&#8221;2_5,3_5&#8243; custom_padding_last_edited=&#8221;on|phone&#8221; _builder_version=&#8221;4.22.1&#8243; _module_preset=&#8221;default&#8221; width=&#8221;50%&#8221; width_tablet=&#8221;50%&#8221; width_phone=&#8221;80%&#8221; width_last_edited=&#8221;on|phone&#8221; custom_padding=&#8221;|||40px|false|false&#8221; custom_padding_tablet=&#8221;|||40px|false|false&#8221; custom_padding_phone=&#8221;0px|||0px|false|false&#8221; hover_enabled=&#8221;0&#8243; global_colors_info=&#8221;{}&#8221; module_class=&#8221;libby-study&#8221; sticky_enabled=&#8221;0&#8243;][et_pb_column type=&#8221;2_5&#8243; _builder_version=&#8221;4.17.4&#8243; _module_preset=&#8221;default&#8221; global_colors_info=&#8221;{}&#8221;][et_pb_blurb image=&#8221;https:\/\/libbystudy.org\/wp-content\/uploads\/sites\/2\/2022\/10\/Leaf-Graphic.png&#8221; icon_placement=&#8221;left&#8221; image_icon_width=&#8221;24px&#8221; _builder_version=&#8221;4.18.0&#8243; _module_preset=&#8221;default&#8221; body_font_size=&#8221;20px&#8221; custom_margin=&#8221;0px||||false|false&#8221; custom_padding=&#8221;|||0px|true|&#8221; animation=&#8221;off&#8221; icon_font_size=&#8221;28px&#8221; global_colors_info=&#8221;{}&#8221;]<\/p>\n<p style=\"text-align: left;\">Multic\u00e9ntrico<\/p>\n<p>[\/et_pb_blurb][\/et_pb_column][et_pb_column type=&#8221;3_5&#8243; _builder_version=&#8221;4.17.4&#8243; _module_preset=&#8221;default&#8221; global_colors_info=&#8221;{}&#8221;][et_pb_blurb image=&#8221;https:\/\/libbystudy.org\/wp-content\/uploads\/sites\/2\/2022\/10\/Leaf-Graphic.png&#8221; icon_placement=&#8221;left&#8221; image_icon_width=&#8221;24px&#8221; _builder_version=&#8221;4.18.0&#8243; _module_preset=&#8221;default&#8221; body_font_size=&#8221;20px&#8221; custom_margin=&#8221;0px||||false|false&#8221; custom_padding=&#8221;|||0px|true|&#8221; animation=&#8221;off&#8221; icon_font_size=&#8221;28px&#8221; global_colors_info=&#8221;{}&#8221;]<\/p>\n<p style=\"text-align: left;\">Controlado por placebo<\/p>\n<p>[\/et_pb_blurb][\/et_pb_column][\/et_pb_row][et_pb_row column_structure=&#8221;2_5,3_5&#8243; custom_padding_last_edited=&#8221;on|phone&#8221; _builder_version=&#8221;4.22.1&#8243; _module_preset=&#8221;default&#8221; width=&#8221;50%&#8221; width_tablet=&#8221;50%&#8221; width_phone=&#8221;80%&#8221; width_last_edited=&#8221;on|phone&#8221; custom_padding=&#8221;|||40px|false|false&#8221; custom_padding_tablet=&#8221;|||40px|false|false&#8221; custom_padding_phone=&#8221;0px|||0px|false|false&#8221; hover_enabled=&#8221;0&#8243; global_colors_info=&#8221;{}&#8221; module_class=&#8221;libby-study&#8221; sticky_enabled=&#8221;0&#8243;][et_pb_column type=&#8221;2_5&#8243; _builder_version=&#8221;4.17.4&#8243; _module_preset=&#8221;default&#8221; global_colors_info=&#8221;{}&#8221;][et_pb_blurb image=&#8221;https:\/\/libbystudy.org\/wp-content\/uploads\/sites\/2\/2022\/10\/Leaf-Graphic.png&#8221; icon_placement=&#8221;left&#8221; image_icon_width=&#8221;24px&#8221; _builder_version=&#8221;4.18.0&#8243; _module_preset=&#8221;default&#8221; body_font_size=&#8221;20px&#8221; custom_margin=&#8221;0px||||false|false&#8221; custom_padding=&#8221;|||0px|true|&#8221; animation=&#8221;off&#8221; icon_font_size=&#8221;28px&#8221; global_colors_info=&#8221;{}&#8221;]<\/p>\n<p style=\"text-align: left;\">Aleatorizado<\/p>\n<p>[\/et_pb_blurb][\/et_pb_column][et_pb_column type=&#8221;3_5&#8243; _builder_version=&#8221;4.17.4&#8243; _module_preset=&#8221;default&#8221; global_colors_info=&#8221;{}&#8221;][et_pb_blurb image=&#8221;https:\/\/libbystudy.org\/wp-content\/uploads\/sites\/2\/2022\/10\/Leaf-Graphic.png&#8221; icon_placement=&#8221;left&#8221; image_icon_width=&#8221;24px&#8221; _builder_version=&#8221;4.18.0&#8243; _module_preset=&#8221;default&#8221; body_font_size=&#8221;20px&#8221; custom_margin=&#8221;0px||||false|false&#8221; custom_padding=&#8221;|||0px|true|&#8221; animation=&#8221;off&#8221; icon_font_size=&#8221;28px&#8221; global_colors_info=&#8221;{}&#8221;]<\/p>\n<p style=\"text-align: left;\">De 12 semanas de duraci\u00f3n en el per\u00edodo doble ciego<\/p>\n<p>[\/et_pb_blurb][\/et_pb_column][\/et_pb_row][\/et_pb_section][et_pb_section fb_built=&#8221;1&#8243; custom_padding_last_edited=&#8221;on|phone&#8221; _builder_version=&#8221;4.22.1&#8243; background_color=&#8221;#E9EAE6&#8243; background_enable_image=&#8221;off&#8221; custom_padding=&#8221;80px|16px|80px|16px|true|true&#8221; custom_padding_tablet=&#8221;0px||0px||true|true&#8221; custom_padding_phone=&#8221;0px||0px||true|true&#8221; bottom_divider_style=&#8221;waves&#8221; bottom_divider_color=&#8221;#477169&#8243; bottom_divider_height=&#8221;32px&#8221; border_color_all=&#8221;#477169&#8243; locked=&#8221;off&#8221; global_colors_info=&#8221;{}&#8221; background_color__hover=&#8221;&#8221; background__hover_enabled=&#8221;on|desktop&#8221;][et_pb_row column_structure=&#8221;1_2,1_2&#8243; _builder_version=&#8221;4.22.1&#8243; width_tablet=&#8221;&#8221; width_phone=&#8221;100%&#8221; width_last_edited=&#8221;on|phone&#8221; min_height=&#8221;245.1px&#8221; custom_margin=&#8221;||0px||false|false&#8221; custom_padding=&#8221;||0px||false|false&#8221; locked=&#8221;off&#8221; global_colors_info=&#8221;{}&#8221;][et_pb_column type=&#8221;1_2&#8243; _builder_version=&#8221;4.17.4&#8243; background_color=&#8221;#E9EAE6&#8243; custom_padding=&#8221;56px|48px|48px|48px|false|true&#8221; global_colors_info=&#8221;{}&#8221; custom_padding__hover=&#8221;|||&#8221;][et_pb_text _builder_version=&#8221;4.22.1&#8243; _module_preset=&#8221;default&#8221; header_font=&#8221;Nunito Sans|700|||||||&#8221; header_text_color=&#8221;#297FCA&#8221; header_line_height=&#8221;1.2em&#8221; custom_margin=&#8221;||||false|false&#8221; header_3_font_size_tablet=&#8221;&#8221; header_3_font_size_phone=&#8221;2rem&#8221; header_3_font_size_last_edited=&#8221;on|phone&#8221; global_colors_info=&#8221;{}&#8221;]<\/p>\n<h3 style=\"text-align: left;\">La intervenci\u00f3n del estudio activo es una combinaci\u00f3n oral de THC y CBD en un aceite digerible.<\/h3>\n<p>[\/et_pb_text][et_pb_text _builder_version=&#8221;4.18.0&#8243; _module_preset=&#8221;default&#8221; header_font=&#8221;Nunito Sans|700|||||||&#8221; header_text_color=&#8221;#297FCA&#8221; header_line_height=&#8221;1.2em&#8221; custom_margin=&#8221;||||false|false&#8221; global_colors_info=&#8221;{}&#8221;]<\/p>\n<p>En comparaci\u00f3n con los productos del THC y CBD tomados con fines recreativos o como parte de programas de marihuana medicinal aprobados por el estado, la combinaci\u00f3n del THC y CBD administrada en el Estudio LiBBY es requerida por la Administraci\u00f3n de Alimentos y Medicamentos (FDA) de los EE. UU. para cumplir el est\u00e1ndar de un producto farmac\u00e9utico.<\/p>\n<p>Como producto farmac\u00e9utico, se requiere que la combinaci\u00f3n de THC y CBD en el Estudio LiBBY tenga un nivel de pureza m\u00e1s alto y una vida \u00fatil m\u00e1s prolongada que los productos que contienen cannabinoides no farmac\u00e9uticos u otros ingredientes activos.<\/p>\n<p>Comun\u00edquese con el centro de investigaci\u00f3n del estudio m\u00e1s cercano para obtener m\u00e1s informaci\u00f3n o para conectar a un paciente.<\/p>\n<p>&nbsp;<\/p>\n<p>[\/et_pb_text][et_pb_button button_url=&#8221;@ET-DC@eyJkeW5hbWljIjp0cnVlLCJjb250ZW50IjoicG9zdF9saW5rX3VybF9wYWdlIiwic2V0dGluZ3MiOnsicG9zdF9pZCI6IjExIn19@&#8221; button_text=&#8221;Encuentre una ubicaci\u00f3n&#8221; button_alignment=&#8221;center&#8221; _builder_version=&#8221;4.17.4&#8243; _dynamic_attributes=&#8221;button_url&#8221; _module_preset=&#8221;fea357cf-ffee-4043-9d59-993cb3628dae&#8221; global_colors_info=&#8221;{}&#8221;][\/et_pb_button][\/et_pb_column][et_pb_column type=&#8221;1_2&#8243; _builder_version=&#8221;4.16&#8243; custom_padding=&#8221;|||&#8221; global_colors_info=&#8221;{}&#8221; custom_padding__hover=&#8221;|||&#8221;][et_pb_image src=&#8221;https:\/\/play.divi.express\/wp-content\/uploads\/2019\/01\/1-9.jpg&#8221; _builder_version=&#8221;4.16&#8243; _module_preset=&#8221;default&#8221; global_colors_info=&#8221;{}&#8221;][\/et_pb_image][\/et_pb_column][\/et_pb_row][\/et_pb_section][et_pb_section fb_built=&#8221;1&#8243; next_background_color=&#8221;#477169&#8243; disabled_on=&#8221;on|on|on&#8221; _builder_version=&#8221;4.21.0&#8243; _module_preset=&#8221;default&#8221; background_color=&#8221;#FFFFFF&#8221; background_enable_image=&#8221;off&#8221; custom_padding=&#8221;80px|0px|110px|0px|false|false&#8221; bottom_divider_style=&#8221;waves&#8221; bottom_divider_height=&#8221;32px&#8221; disabled=&#8221;on&#8221; locked=&#8221;off&#8221; global_colors_info=&#8221;{}&#8221;][et_pb_row _builder_version=&#8221;4.16&#8243; _module_preset=&#8221;default&#8221; global_colors_info=&#8221;{}&#8221;][et_pb_column type=&#8221;4_4&#8243; _builder_version=&#8221;4.16&#8243; _module_preset=&#8221;default&#8221; global_colors_info=&#8221;{}&#8221;][et_pb_text _builder_version=&#8221;4.18.0&#8243; _module_preset=&#8221;60fc1096-1715-4efa-84db-d870826f7862&#8243; text_font=&#8221;Nunito Sans||||||||&#8221; text_text_color=&#8221;#000000&#8243; text_font_size=&#8221;16px&#8221; header_3_text_color=&#8221;#477169&#8243; global_colors_info=&#8221;{}&#8221;]<\/p>\n<h3 style=\"text-align: center;\">Informaci\u00f3n adicional del estudio<\/h3>\n<p>[\/et_pb_text][\/et_pb_column][\/et_pb_row][et_pb_row column_structure=&#8221;1_3,1_3,1_3&#8243; make_equal=&#8221;on&#8221; _builder_version=&#8221;4.17.4&#8243; _module_preset=&#8221;default&#8221; width=&#8221;50%&#8221; width_tablet=&#8221;50%&#8221; width_phone=&#8221;90%&#8221; width_last_edited=&#8221;on|phone&#8221; custom_padding=&#8221;58px|||&#8221; animation_style=&#8221;slide&#8221; animation_direction=&#8221;bottom&#8221; animation_delay=&#8221;600ms&#8221; global_colors_info=&#8221;{}&#8221;][et_pb_column type=&#8221;1_3&#8243; _builder_version=&#8221;4.17.4&#8243; _module_preset=&#8221;default&#8221; background_color=&#8221;#E9EAE6&#8243; custom_padding=&#8221;|||&#8221; global_colors_info=&#8221;{}&#8221; custom_padding__hover=&#8221;|||&#8221;][et_pb_blurb title=&#8221;ClinicalTrials.gov&#8221; url=&#8221;https:\/\/clinicaltrials.gov\/ct2\/show\/NCT05531656?term=CT1812&#038;draw=2&#038;rank=6&#8243; url_new_window=&#8221;on&#8221; use_icon=&#8221;on&#8221; font_icon=&#8221;&#xf0c1;||fa||900&#8243; icon_color=&#8221;#FAAA57&#8243; image_icon_width=&#8221;40px&#8221; _builder_version=&#8221;4.20.0&#8243; _module_preset=&#8221;faacd24b-ca94-44b1-a628-03d88eba2f2d&#8221; header_font=&#8221;Open Sans|600|||||||&#8221; header_text_align=&#8221;center&#8221; header_text_color=&#8221;#477169&#8243; body_text_align=&#8221;center&#8221; body_text_color=&#8221;#477169&#8243; body_font_size=&#8221;18px&#8221; background_color=&#8221;#E9EAE6&#8243; background_layout=&#8221;dark&#8221; custom_padding=&#8221;32px|16px|32px|16px|true|true&#8221; link_option_url=&#8221;https:\/\/clinicaltrials.gov\/ct2\/show\/NCT05531656?term=CT1812&#038;draw=2&#038;rank=6&#8243; link_option_url_new_window=&#8221;on&#8221; border_color_all=&#8221;#477169&#8243; image_max_width=&#8221;50px&#8221; global_colors_info=&#8221;{}&#8221; background__hover_enabled=&#8221;on|hover&#8221; background_color__hover=&#8221;#E9EAE6&#8243; background_enable_color__hover=&#8221;on&#8221; icon_color__hover_enabled=&#8221;on|hover&#8221; icon_color__hover=&#8221;rgba(250,170,87,0.76)&#8221;]<\/p>\n<p>Haga clic para visitar<\/p>\n<p>[\/et_pb_blurb][\/et_pb_column][et_pb_column type=&#8221;1_3&#8243; _builder_version=&#8221;4.17.4&#8243; _module_preset=&#8221;default&#8221; background_color=&#8221;#E9EAE6&#8243; custom_padding=&#8221;|||&#8221; global_colors_info=&#8221;{}&#8221; custom_padding__hover=&#8221;|||&#8221;][et_pb_blurb title=&#8221;Lista de centros de investigaci\u00f3n e investigadores principales (PI)&#8221; use_icon=&#8221;on&#8221; font_icon=&#8221;&#xe092;||divi||400&#8243; icon_color=&#8221;#FAAA57&#8243; image_icon_width=&#8221;40px&#8221; _builder_version=&#8221;4.18.0&#8243; _module_preset=&#8221;faacd24b-ca94-44b1-a628-03d88eba2f2d&#8221; header_font=&#8221;Open Sans|600|||||||&#8221; header_text_align=&#8221;center&#8221; header_text_color=&#8221;#477169&#8243; body_text_align=&#8221;center&#8221; body_text_color=&#8221;#477169&#8243; body_font_size=&#8221;18px&#8221; background_color=&#8221;#E9EAE6&#8243; background_layout=&#8221;dark&#8221; custom_padding=&#8221;32px|16px|32px|16px|true|true&#8221; border_color_all=&#8221;#477169&#8243; image_max_width=&#8221;50px&#8221; global_colors_info=&#8221;{}&#8221; background_enable_color__hover=&#8221;on&#8221; icon_color__hover=&#8221;rgba(250,170,87,0.76)&#8221; icon_color__hover_enabled=&#8221;on|hover&#8221; background__hover_enabled=&#8221;on|hover&#8221; background_color__hover=&#8221;#E9EAE6&#8243;]<\/p>\n<p>Haga clic para descargar<\/p>\n<p>[\/et_pb_blurb][\/et_pb_column][et_pb_column type=&#8221;1_3&#8243; _builder_version=&#8221;4.17.4&#8243; _module_preset=&#8221;default&#8221; background_color=&#8221;#E9EAE6&#8243; custom_padding=&#8221;|||&#8221; global_colors_info=&#8221;{}&#8221; custom_padding__hover=&#8221;|||&#8221;][et_pb_blurb title=&#8221;Lista de criterios de inclusi\u00f3n y exclusi\u00f3n&#8221; use_icon=&#8221;on&#8221; font_icon=&#8221;&#xe092;||divi||400&#8243; icon_color=&#8221;#FAAA57&#8243; image_icon_width=&#8221;40px&#8221; _builder_version=&#8221;4.18.0&#8243; _module_preset=&#8221;faacd24b-ca94-44b1-a628-03d88eba2f2d&#8221; header_font=&#8221;Open Sans|600|||||||&#8221; header_text_align=&#8221;center&#8221; header_text_color=&#8221;#477169&#8243; body_text_align=&#8221;center&#8221; body_text_color=&#8221;#477169&#8243; body_font_size=&#8221;18px&#8221; background_color=&#8221;#E9EAE6&#8243; background_layout=&#8221;dark&#8221; custom_padding=&#8221;32px|16px|32px|16px|true|true&#8221; border_color_all=&#8221;#477169&#8243; image_max_width=&#8221;50px&#8221; global_colors_info=&#8221;{}&#8221; background_enable_color__hover=&#8221;on&#8221; icon_color__hover_enabled=&#8221;on|hover&#8221; icon_color__hover=&#8221;rgba(250,170,87,0.76)&#8221; background__hover_enabled=&#8221;on|hover&#8221; background_color__hover=&#8221;#E9EAE6&#8243;]<\/p>\n<p>Haga clic para descargar<\/p>\n<p>[\/et_pb_blurb][\/et_pb_column][\/et_pb_row][\/et_pb_section]<\/p>\n","protected":false},"excerpt":{"rendered":"<p>Proveedores m\u00e9dicos y centros asociadosEl Estudio LiBBY es un ensayo cl\u00ednico dise\u00f1ado para probar la tolerabilidad y eficacia de una combinaci\u00f3n oral de Delta-9-tetrahidrocannabinol (THC) y cannabidiol (CBD) para reducir la agitaci\u00f3n en las personas en las \u00faltimas etapas de la vida con la enfermedad de Alzheimer u otros tipos de demencia, en comparaci\u00f3n con [&hellip;]<\/p>\n","protected":false},"author":1,"featured_media":0,"parent":0,"menu_order":0,"comment_status":"closed","ping_status":"closed","template":"","meta":{"_et_pb_use_builder":"on","_et_pb_old_content":"","_et_gb_content_width":"","footnotes":""},"difl_page_category":[],"class_list":["post-51237","page","type-page","status-publish","hentry"],"_links":{"self":[{"href":"https:\/\/libbystudy.org\/es\/wp-json\/wp\/v2\/pages\/51237","targetHints":{"allow":["GET"]}}],"collection":[{"href":"https:\/\/libbystudy.org\/es\/wp-json\/wp\/v2\/pages"}],"about":[{"href":"https:\/\/libbystudy.org\/es\/wp-json\/wp\/v2\/types\/page"}],"author":[{"embeddable":true,"href":"https:\/\/libbystudy.org\/es\/wp-json\/wp\/v2\/users\/1"}],"replies":[{"embeddable":true,"href":"https:\/\/libbystudy.org\/es\/wp-json\/wp\/v2\/comments?post=51237"}],"version-history":[{"count":30,"href":"https:\/\/libbystudy.org\/es\/wp-json\/wp\/v2\/pages\/51237\/revisions"}],"predecessor-version":[{"id":51970,"href":"https:\/\/libbystudy.org\/es\/wp-json\/wp\/v2\/pages\/51237\/revisions\/51970"}],"wp:attachment":[{"href":"https:\/\/libbystudy.org\/es\/wp-json\/wp\/v2\/media?parent=51237"}],"wp:term":[{"taxonomy":"difl_page_category","embeddable":true,"href":"https:\/\/libbystudy.org\/es\/wp-json\/wp\/v2\/difl_page_category?post=51237"}],"curies":[{"name":"wp","href":"https:\/\/api.w.org\/{rel}","templated":true}]}}