{"id":51246,"date":"2022-10-18T11:46:21","date_gmt":"2022-10-18T18:46:21","guid":{"rendered":"https:\/\/atri.usc.edu\/libby\/derechos-de-privacidad-de-california\/"},"modified":"2024-01-09T11:21:29","modified_gmt":"2024-01-09T19:21:29","slug":"derechos-de-privacidad-de-california","status":"publish","type":"page","link":"https:\/\/libbystudy.org\/es\/derechos-de-privacidad-de-california\/","title":{"rendered":"DERECHOS DE PRIVACIDAD DE CALIFORNIA"},"content":{"rendered":"<p>[et_pb_section fb_built=&#8221;1&#8243; _builder_version=&#8221;4.17.4&#8243; _module_preset=&#8221;default&#8221; background_color=&#8221;#FFFFFF&#8221; custom_padding=&#8221;0px|0px|0|0px|false|false&#8221; locked=&#8221;off&#8221; global_colors_info=&#8221;{}&#8221;][et_pb_row column_structure=&#8221;2_3,1_3&#8243; use_custom_gutter=&#8221;on&#8221; gutter_width=&#8221;1&#8243; module_class=&#8221; et_pb_row_fullwidth&#8221; _builder_version=&#8221;4.18.0&#8243; _module_preset=&#8221;default&#8221; width=&#8221;100%&#8221; width_tablet=&#8221;100%&#8221; width_phone=&#8221;100%&#8221; width_last_edited=&#8221;on|desktop&#8221; max_width=&#8221;100%&#8221; max_width_tablet=&#8221;100%&#8221; max_width_phone=&#8221;100%&#8221; max_width_last_edited=&#8221;on|desktop&#8221; custom_padding=&#8221;0px|0px|0|0px|false|false&#8221; animation_direction=&#8221;right&#8221; make_fullwidth=&#8221;on&#8221; locked=&#8221;off&#8221; global_colors_info=&#8221;{}&#8221;][et_pb_column type=&#8221;2_3&#8243; _builder_version=&#8221;4.16&#8243; _module_preset=&#8221;default&#8221; background_color=&#8221;#477169&#8243; custom_padding=&#8221;6%|6%|2%|6%&#8221; global_colors_info=&#8221;{}&#8221; custom_padding__hover=&#8221;|||&#8221;][et_pb_text _builder_version=&#8221;4.22.1&#8243; _module_preset=&#8221;ee342e2a-648f-49cd-a913-94499ea1fdad&#8221; text_font=&#8221;Source Sans Pro||||||||&#8221; text_text_color=&#8221;#FFFFFF&#8221; text_font_size=&#8221;22px&#8221; header_font=&#8221;Lora||||||||&#8221; header_text_color=&#8221;#FFFFFF&#8221; header_2_font=&#8221;Lora||||||||&#8221; header_2_text_color=&#8221;#FFFFFF&#8221; header_2_font_size=&#8221;53px&#8221; header_3_font=&#8221;Lora||||||||&#8221; header_3_text_color=&#8221;#477169&#8243; header_3_font_size=&#8221;38px&#8221; header_4_font=&#8221;Source Sans Pro||||||||&#8221; header_4_text_color=&#8221;#477169&#8243; header_4_font_size=&#8221;32px&#8221; header_5_font=&#8221;Lora||||||||&#8221; header_5_text_color=&#8221;#477169&#8243; header_5_font_size=&#8221;22px&#8221; header_6_font=&#8221;Source Sans Pro|||on|||||&#8221; custom_padding=&#8221;||3px||false|false&#8221; hover_enabled=&#8221;0&#8243; global_colors_info=&#8221;{}&#8221; header_font_size=&#8221;53px&#8221; sticky_enabled=&#8221;0&#8243;]<\/p>\n<h1>DERECHOS DE PRIVACIDAD DE CALIFORNIA<\/h1>\n<p>[\/et_pb_text][et_pb_text _builder_version=&#8221;4.16&#8243; _module_preset=&#8221;ee342e2a-648f-49cd-a913-94499ea1fdad&#8221; text_font=&#8221;Source Sans Pro||||||||&#8221; text_text_color=&#8221;#477169&#8243; text_font_size=&#8221;22px&#8221; header_font=&#8221;Lora|600|||||||&#8221; header_text_color=&#8221;#477169&#8243; header_2_font=&#8221;Lora||||||||&#8221; header_2_text_color=&#8221;#477169&#8243; header_2_font_size=&#8221;53px&#8221; header_3_font=&#8221;Lora||||||||&#8221; header_3_text_color=&#8221;#477169&#8243; header_3_font_size=&#8221;38px&#8221; header_4_font=&#8221;Source Sans Pro||||||||&#8221; header_4_text_color=&#8221;#477169&#8243; header_4_font_size=&#8221;30px&#8221; header_5_font=&#8221;Lora||||||||&#8221; header_5_text_color=&#8221;#477169&#8243; header_5_font_size=&#8221;22px&#8221; header_6_font=&#8221;Source Sans Pro|||on|||||&#8221; custom_margin=&#8221;||24px&#8221; custom_padding=&#8221;|||2px&#8221; global_colors_info=&#8221;{}&#8221;][\/et_pb_text][\/et_pb_column][et_pb_column type=&#8221;1_3&#8243; _builder_version=&#8221;4.16&#8243; _module_preset=&#8221;default&#8221; custom_padding=&#8221;|6%||&#8221; global_colors_info=&#8221;{}&#8221; custom_padding__hover=&#8221;|||&#8221;][\/et_pb_column][\/et_pb_row][\/et_pb_section][et_pb_section fb_built=&#8221;1&#8243; _builder_version=&#8221;4.18.0&#8243; _module_preset=&#8221;default&#8221; background_color=&#8221;#E9EAE6&#8243; custom_padding=&#8221;80px|0px|110px|0px|false|false&#8221; bottom_divider_style=&#8221;waves&#8221; bottom_divider_color=&#8221;#477169&#8243; bottom_divider_height=&#8221;32px&#8221; global_colors_info=&#8221;{}&#8221;][et_pb_row _builder_version=&#8221;4.17.4&#8243; _module_preset=&#8221;default&#8221; background_color=&#8221;#FAFAF9&#8243; width=&#8221;70%&#8221; custom_padding=&#8221;56px|40px|56px|40px|true|true&#8221; global_colors_info=&#8221;{}&#8221;][et_pb_column type=&#8221;4_4&#8243; _builder_version=&#8221;4.16&#8243; _module_preset=&#8221;default&#8221; custom_padding=&#8221;|||&#8221; global_colors_info=&#8221;{}&#8221; custom_padding__hover=&#8221;|||&#8221;][et_pb_text module_id=&#8221;about-study&#8221; _builder_version=&#8221;4.18.0&#8243; _module_preset=&#8221;default&#8221; global_colors_info=&#8221;{}&#8221;]<\/p>\n<h3 style=\"text-align: center;\">Aviso de privacidad complementario para residentes de California<\/h3>\n<p>[\/et_pb_text][et_pb_text _builder_version=&#8221;4.18.0&#8243; _module_preset=&#8221;default&#8221; text_text_color=&#8221;#000000&#8243; text_line_height=&#8221;2rem&#8221; custom_padding=&#8221;|20px||20px|false|true&#8221; global_colors_info=&#8221;{}&#8221;]<\/p>\n<p><strong>No proporcionamos, compartimos ni vendemos ninguna informaci\u00f3n a terceros, a menos que se requiera por ley, pero para cumplir con la ley de California conocida como ley \u201cShine the Light\u201d (codificada en el C\u00f3digo Civil de California, secci\u00f3n 1798.83), le brindamos el siguiente aviso complementario:<\/strong><\/p>\n<p>Si usted es residente de California, tiene derecho a solicitar y obtener de nosotros, una vez por a\u00f1o calendario, informaci\u00f3n con respecto a la &#8220;informaci\u00f3n personal&#8221; sobre usted (seg\u00fan se define el t\u00e9rmino en el C\u00f3digo Civil de California, secci\u00f3n 1798.83) que hayamos compartido, en tal caso, con un tercero o para los fines de venta directa de un tercero. La informaci\u00f3n incluir\u00e1 (1) una lista de las categor\u00edas descritas en el C\u00f3digo Civil de California, secci\u00f3n 1798.83(e)(6), que se divulgaron durante el a\u00f1o calendario anterior, en tal caso, y (2) los nombres y las direcciones de todos los terceros con quienes compartimos dicha informaci\u00f3n personal sobre usted durante el a\u00f1o calendario anterior, y si la naturaleza comercial de los terceros no se puede determinar razonablemente a partir del nombre, se incluir\u00e1 una descripci\u00f3n de su naturaleza comercial, o ejemplos de productos y servicios que el tercero vendi\u00f3.<\/p>\n<p>Para realizar tal solicitud, comun\u00edquese con USC Keck School of Medicine, Alzheimer\u2019s Therapeutic Research Institute, por correo electr\u00f3nico a <a href=\"mailto:%20ask@actcinfo.org\">ask@actcinfo.org<\/a> e incluya en el asunto &#8220;Request for California Privacy Information&#8221; (Solicitud de informaci\u00f3n de privacidad de California). Le enviaremos la informaci\u00f3n solicitada a su direcci\u00f3n de correo electr\u00f3nico. Tambi\u00e9n puede comunicarse con nosotros a:<\/p>\n<p>ATTN: Equipo del sitio web de LiBBY<br \/>USC Keck School of Medicine<br \/>Alzheimer\u2019s Therapeutic Research Institute<br \/>9860 Mesa Rim Road<br \/>San Diego, CA 92121<br \/>O por correo electr\u00f3nico: <a href=\"mailto:%20ask@actcinfo.org\">ask@actcinfo.org<\/a><\/p>\n<p>[\/et_pb_text][\/et_pb_column][\/et_pb_row][\/et_pb_section]<\/p>\n","protected":false},"excerpt":{"rendered":"<p>DERECHOS DE PRIVACIDAD DE CALIFORNIAAviso de privacidad complementario para residentes de CaliforniaNo proporcionamos, compartimos ni vendemos ninguna informaci\u00f3n a terceros, a menos que se requiera por ley, pero para cumplir con la ley de California conocida como ley \u201cShine the Light\u201d (codificada en el C\u00f3digo Civil de California, secci\u00f3n 1798.83), le brindamos el siguiente aviso [&hellip;]<\/p>\n","protected":false},"author":1,"featured_media":0,"parent":0,"menu_order":0,"comment_status":"closed","ping_status":"closed","template":"","meta":{"_et_pb_use_builder":"on","_et_pb_old_content":"","_et_gb_content_width":"","footnotes":""},"difl_page_category":[],"class_list":["post-51246","page","type-page","status-publish","hentry"],"_links":{"self":[{"href":"https:\/\/libbystudy.org\/es\/wp-json\/wp\/v2\/pages\/51246","targetHints":{"allow":["GET"]}}],"collection":[{"href":"https:\/\/libbystudy.org\/es\/wp-json\/wp\/v2\/pages"}],"about":[{"href":"https:\/\/libbystudy.org\/es\/wp-json\/wp\/v2\/types\/page"}],"author":[{"embeddable":true,"href":"https:\/\/libbystudy.org\/es\/wp-json\/wp\/v2\/users\/1"}],"replies":[{"embeddable":true,"href":"https:\/\/libbystudy.org\/es\/wp-json\/wp\/v2\/comments?post=51246"}],"version-history":[{"count":3,"href":"https:\/\/libbystudy.org\/es\/wp-json\/wp\/v2\/pages\/51246\/revisions"}],"predecessor-version":[{"id":51544,"href":"https:\/\/libbystudy.org\/es\/wp-json\/wp\/v2\/pages\/51246\/revisions\/51544"}],"wp:attachment":[{"href":"https:\/\/libbystudy.org\/es\/wp-json\/wp\/v2\/media?parent=51246"}],"wp:term":[{"taxonomy":"difl_page_category","embeddable":true,"href":"https:\/\/libbystudy.org\/es\/wp-json\/wp\/v2\/difl_page_category?post=51246"}],"curies":[{"name":"wp","href":"https:\/\/api.w.org\/{rel}","templated":true}]}}