{"id":51256,"date":"2022-10-18T12:00:38","date_gmt":"2022-10-18T19:00:38","guid":{"rendered":"https:\/\/atri.usc.edu\/libby\/politica-de-privacidad\/"},"modified":"2024-01-09T11:28:43","modified_gmt":"2024-01-09T19:28:43","slug":"politica-de-privacidad","status":"publish","type":"page","link":"https:\/\/libbystudy.org\/es\/politica-de-privacidad\/","title":{"rendered":"Pol\u00edtica de privacidad"},"content":{"rendered":"<p>[et_pb_section fb_built=&#8221;1&#8243; _builder_version=&#8221;4.17.4&#8243; _module_preset=&#8221;default&#8221; background_color=&#8221;#FFFFFF&#8221; custom_padding=&#8221;0px|0px|0|0px|false|false&#8221; locked=&#8221;off&#8221; global_colors_info=&#8221;{}&#8221;][et_pb_row column_structure=&#8221;2_3,1_3&#8243; use_custom_gutter=&#8221;on&#8221; gutter_width=&#8221;1&#8243; module_class=&#8221; et_pb_row_fullwidth&#8221; _builder_version=&#8221;4.18.0&#8243; _module_preset=&#8221;default&#8221; width=&#8221;100%&#8221; width_tablet=&#8221;100%&#8221; width_phone=&#8221;100%&#8221; width_last_edited=&#8221;on|desktop&#8221; max_width=&#8221;100%&#8221; max_width_tablet=&#8221;100%&#8221; max_width_phone=&#8221;100%&#8221; max_width_last_edited=&#8221;on|desktop&#8221; custom_padding=&#8221;0px|0px|0|0px|false|false&#8221; animation_direction=&#8221;right&#8221; make_fullwidth=&#8221;on&#8221; locked=&#8221;off&#8221; global_colors_info=&#8221;{}&#8221;][et_pb_column type=&#8221;2_3&#8243; _builder_version=&#8221;4.16&#8243; _module_preset=&#8221;default&#8221; background_color=&#8221;#477169&#8243; custom_padding=&#8221;6%|6%|2%|6%&#8221; global_colors_info=&#8221;{}&#8221; custom_padding__hover=&#8221;|||&#8221;][et_pb_text _builder_version=&#8221;4.22.1&#8243; _module_preset=&#8221;ee342e2a-648f-49cd-a913-94499ea1fdad&#8221; text_font=&#8221;Source Sans Pro||||||||&#8221; text_text_color=&#8221;#FFFFFF&#8221; text_font_size=&#8221;22px&#8221; header_font=&#8221;Lora||||||||&#8221; header_text_color=&#8221;#FFFFFF&#8221; header_2_font=&#8221;Lora||||||||&#8221; header_2_text_color=&#8221;#FFFFFF&#8221; header_2_font_size=&#8221;53px&#8221; header_3_font=&#8221;Lora||||||||&#8221; header_3_text_color=&#8221;#477169&#8243; header_3_font_size=&#8221;38px&#8221; header_4_font=&#8221;Source Sans Pro||||||||&#8221; header_4_text_color=&#8221;#477169&#8243; header_4_font_size=&#8221;32px&#8221; header_5_font=&#8221;Lora||||||||&#8221; header_5_text_color=&#8221;#477169&#8243; header_5_font_size=&#8221;22px&#8221; header_6_font=&#8221;Source Sans Pro|||on|||||&#8221; custom_padding=&#8221;||3px||false|false&#8221; hover_enabled=&#8221;0&#8243; global_colors_info=&#8221;{}&#8221; header_font_size=&#8221;53px&#8221; sticky_enabled=&#8221;0&#8243;]<\/p>\n<h1>Pol\u00edtica de privacidad<\/h1>\n<p>[\/et_pb_text][et_pb_text _builder_version=&#8221;4.16&#8243; _module_preset=&#8221;ee342e2a-648f-49cd-a913-94499ea1fdad&#8221; text_font=&#8221;Source Sans Pro||||||||&#8221; text_text_color=&#8221;#477169&#8243; text_font_size=&#8221;22px&#8221; header_font=&#8221;Lora|600|||||||&#8221; header_text_color=&#8221;#477169&#8243; header_2_font=&#8221;Lora||||||||&#8221; header_2_text_color=&#8221;#477169&#8243; header_2_font_size=&#8221;53px&#8221; header_3_font=&#8221;Lora||||||||&#8221; header_3_text_color=&#8221;#477169&#8243; header_3_font_size=&#8221;38px&#8221; header_4_font=&#8221;Source Sans Pro||||||||&#8221; header_4_text_color=&#8221;#477169&#8243; header_4_font_size=&#8221;30px&#8221; header_5_font=&#8221;Lora||||||||&#8221; header_5_text_color=&#8221;#477169&#8243; header_5_font_size=&#8221;22px&#8221; header_6_font=&#8221;Source Sans Pro|||on|||||&#8221; custom_margin=&#8221;||24px&#8221; custom_padding=&#8221;|||2px&#8221; global_colors_info=&#8221;{}&#8221;][\/et_pb_text][\/et_pb_column][et_pb_column type=&#8221;1_3&#8243; _builder_version=&#8221;4.16&#8243; _module_preset=&#8221;default&#8221; custom_padding=&#8221;|6%||&#8221; global_colors_info=&#8221;{}&#8221; custom_padding__hover=&#8221;|||&#8221;][\/et_pb_column][\/et_pb_row][\/et_pb_section][et_pb_section fb_built=&#8221;1&#8243; _builder_version=&#8221;4.18.0&#8243; _module_preset=&#8221;default&#8221; background_color=&#8221;#E9EAE6&#8243; custom_padding=&#8221;80px|0px|110px|0px|false|false&#8221; bottom_divider_style=&#8221;waves&#8221; bottom_divider_color=&#8221;#477169&#8243; bottom_divider_height=&#8221;32px&#8221; global_colors_info=&#8221;{}&#8221;][et_pb_row _builder_version=&#8221;4.17.4&#8243; _module_preset=&#8221;default&#8221; background_color=&#8221;#FAFAF9&#8243; width=&#8221;70%&#8221; custom_padding=&#8221;56px|40px|56px|40px|true|true&#8221; global_colors_info=&#8221;{}&#8221;][et_pb_column type=&#8221;4_4&#8243; _builder_version=&#8221;4.16&#8243; _module_preset=&#8221;default&#8221; custom_padding=&#8221;|||&#8221; global_colors_info=&#8221;{}&#8221; custom_padding__hover=&#8221;|||&#8221;][et_pb_text module_id=&#8221;about-study&#8221; _builder_version=&#8221;4.18.0&#8243; _module_preset=&#8221;default&#8221; global_colors_info=&#8221;{}&#8221;]<\/p>\n<h3 style=\"text-align: center;\">POL\u00cdTICA DE PRIVACIDAD del sitio web de LiBBY<\/h3>\n<p>[\/et_pb_text][et_pb_text _builder_version=&#8221;4.18.0&#8243; _module_preset=&#8221;default&#8221; text_text_color=&#8221;#000000&#8243; text_line_height=&#8221;2rem&#8221; custom_padding=&#8221;|20px||20px|false|true&#8221; global_colors_info=&#8221;{}&#8221;]<\/p>\n<p>\u00daltima revisi\u00f3n 30 de septiembre de 2022 (\u201cFecha de vigencia\u201d)<br \/>Gracias por su inter\u00e9s en el programa Beneficios para el final de la vida del cannabidiol y el tetrahidrocannabinol (LiBBY) de Keck School of Medicine de USC (\u201cLiBBY\u201d y \u201cPrograma\u201d). LiBBY est\u00e1 dise\u00f1ado y realizado por el Alzheimer\u2019s Therapeutic Research Institute (\u201cATRI\u201d) de Keck School of Medicine de USC y el sitio web del Programa, y otros sitios web, las ubicaciones en l\u00ednea y las aplicaciones para el Programa se usan para proporcionar informaci\u00f3n sobre LiBBY y relacionada con estudios realizados a trav\u00e9s de ATRI.<\/p>\n<p>En este documento, el uso de &#8220;nosotros&#8221;, &#8220;nos&#8221; o &#8220;nuestro&#8221; se refiere de manera colectiva a la University of Southern California (&#8220;USC&#8221;), Keck School of Medicine de USC, LiBBY y ATRI, y sus directivos, agentes, empleados y representantes (incluido el proveedor del sitio web identificado abajo).<\/p>\n<p>Esta pol\u00edtica de privacidad (&#8220;Pol\u00edtica de privacidad&#8221;) es parte del Acuerdo que se describe en los T\u00e9rminos de uso descritos y mencionados abajo y rige su uso de los Sitios de LiBBY (seg\u00fan lo definido en el Acuerdo de T\u00e9rminos de uso). Todo uso de los Sitios constituye su aceptaci\u00f3n de esta Pol\u00edtica de privacidad y de todos los dem\u00e1s t\u00e9rminos y condiciones que son parte de su Acuerdo.<\/p>\n<p><strong><\/strong><\/p>\n<p><strong>Informaci\u00f3n de contacto<\/strong><br \/>Si tiene preguntas, solicitudes, quejas o comentarios sobre el sitio web del Programa u otros sitios web, ubicaciones en l\u00ednea y aplicaciones del Programa, cualquier informaci\u00f3n que podamos recopilar sobre usted (descrita abajo en la secci\u00f3n &#8220;Recopilaci\u00f3n de su informaci\u00f3n de identificaci\u00f3n personal e informaci\u00f3n de salud protegida, sus derechos relacionados con dicha informaci\u00f3n y nuestras responsabilidades&#8221;), el sitio web y el servidor independiente y seguro que se usa para que usted nos env\u00ede o para que nosotros recopilemos cualquier informaci\u00f3n de salud protegida para el Programa, o sobre el Programa en s\u00ed, puede comunicarse con nosotros:<\/p>\n<p>ATTN: Equipo del sitio web de LiBBY<br \/>USC Keck School of Medicine<br \/>Alzheimer\u2019s Therapeutic Research Institute<br \/>9860 Mesa Rim Road<br \/>San Diego, CA 92121<br \/>O por correo electr\u00f3nico: <a href=\"mailto:%20ask@actcinfo.org\">ask@actcinfo.org<\/a><\/p>\n<p><strong><\/strong><\/p>\n<p><strong>El compromiso de Keck School of Medicine de USC hacia usted<\/strong><br \/>Proteger su privacidad mientras visita los Sitios del Programa es nuestra m\u00e1xima prioridad. Nos esforzamos por usar los m\u00e1s elevados est\u00e1ndares de privacidad para que nuestros visitantes usen nuestros Sitios de manera segura y adquieran un panorama general y mayor conocimiento del Programa.<\/p>\n<p>Descargo de responsabilidad<br \/>Toda la informaci\u00f3n de salud y relacionada con la salud que se incluye en los Sitios es de naturaleza general, no contiene asesor\u00eda m\u00e9dica y no debe usarse en reemplazo de una consulta o tratamiento m\u00e9dico por parte de un profesional de la salud. Debe consultar a su proveedor de atenci\u00f3n m\u00e9dica sobre asuntos relacionados con la enfermedad, el tratamiento y las necesidades m\u00e9dicas de usted y su familia. No monitoreamos comunicaciones realizadas desde los Sitios ni a trav\u00e9s de ellos con fines de diagn\u00f3stico m\u00e9dico o de atenci\u00f3n m\u00e9dica de emergencia.<\/p>\n<p>Aunque tratamos de garantizar que el material incluido en los Sitios sea preciso y oportuno, se brinda para la comodidad del usuario del sitio web. No debe asumir que la informaci\u00f3n sobre cualquier tema disponible en los Sitios es precisa, est\u00e1 completa o actualizada, o se puede aplicar a cualquier problema o afecci\u00f3n m\u00e9dica que pueda tener, y no debe considerarse oficial. El contenido, como palabras, im\u00e1genes, videos y otro material en los Sitios, es solo para uso informativo. Se aconseja a los usuarios de este sitio web que consulten y conf\u00eden solamente en la versi\u00f3n oficial de la informaci\u00f3n al tomar decisiones importantes.<\/p>\n<p>Esta informaci\u00f3n se brinda sin garant\u00eda de calidad o precisi\u00f3n. Ni nosotros ni ning\u00fan otro autor colaborador es responsable de los errores u omisiones en cualquier informaci\u00f3n brindada en los Sitios ni de los resultados obtenidos del uso de dicha informaci\u00f3n.<br \/>En caso de emergencia m\u00e9dica, llame a su m\u00e9dico o al 911 de inmediato. No ignore ni demore la b\u00fasqueda de atenci\u00f3n o asesor\u00eda m\u00e9dica a causa del contenido que pueda haber le\u00eddo en alg\u00fan sitio.<br \/>\u00bfQu\u00e9 informaci\u00f3n se recopila autom\u00e1ticamente a trav\u00e9s de los Sitios?<\/p>\n<p>Es posible que usemos cookies u otras tecnolog\u00edas para recopilar cierta informaci\u00f3n cuando visita los Sitios o interact\u00faa con correos electr\u00f3nicos. Por ejemplo, es posible que recopilemos autom\u00e1ticamente cierta informaci\u00f3n no personal sobre usted, como su direcci\u00f3n de protocolo de Internet (&#8220;IP&#8221;), tipo de navegador, sistema operativo, identificador de dispositivo, modelo de dispositivo, versi\u00f3n de software, informaci\u00f3n de proveedor de telefon\u00eda m\u00f3vil o Internet, y origen y navegaci\u00f3n del sitio de visitantes al sitio web, el nombre del dominio desde el cual accedi\u00f3 a los Sitios, las horas y las fechas en las que accede a los Sitios, las \u00e1reas o p\u00e1ginas de los Sitios que visita, la cantidad de tiempo que pasa usando los Sitios, la cantidad de veces que vuelve a los Sitios, y si abre, reenv\u00eda o hace clic en los correos electr\u00f3nicos.<\/p>\n<p>Opciones de rastreo y descargos de no rastrear de California. Usted puede configurar su navegador o sistema operativo para limitar este rastreo o no aceptar cookies; sin embargo, si lo hace, es posible que no pueda acceder a ciertas \u00e1reas de los Sitios. Verifique el men\u00fa de ayuda de su navegador o sistema operativo para saber c\u00f3mo cambiar sus preferencias de cookies o configuraci\u00f3n de rastreo. En su dispositivo m\u00f3vil, es posible que pueda ajustar sus configuraciones de privacidad y publicidad para limitar el rastreo de publicidad o controlar si recibe publicidad m\u00e1s relevante. Tenga en cuenta que es posible que nuestros sistemas no reconozcan encabezados o solicitudes de no rastrear de algunos o todos los navegadores.<\/p>\n<p>Si un visitante env\u00eda informaci\u00f3n identificatoria, solo el personal autorizado de la USC ver\u00e1 la informaci\u00f3n y proporcionar\u00e1 la respuesta correspondiente. No brindamos, compartimos ni vendemos ninguna informaci\u00f3n personal a terceros, a menos que lo exija la ley.<\/p>\n<p><strong><\/strong><\/p>\n<p><strong>Pol\u00edtica de cookies<\/strong><br \/>Al usar o acceder a nuestros Sitios, usted acepta que usemos y enviemos una o m\u00e1s &#8220;cookies&#8221; a su computadora u otro dispositivo. Las &#8220;cookies&#8221; son archivos que contienen solo texto que un sitio web env\u00eda al disco duro de una persona o a otro equipo donde se navega por sitios web con el fin de mantener registros. Las cookies de sesi\u00f3n son cookies temporales que permanecen en el archivo de cookies de su navegador hasta que deja los Sitios. Las cookies persistentes permanecen en el archivo de cookies de su navegador por m\u00e1s tiempo que depende de la &#8220;duraci\u00f3n&#8221; de la cookie.<br \/>Las cookies se usan para notificar al Sitio cuando usted vuelve, qu\u00e9 sitio dirigi\u00f3 al visitante a nuestros Sitios, y para permitirles a nuestros Sitios recordar informaci\u00f3n importante que har\u00e1 m\u00e1s c\u00f3modo su uso del sitio. Usamos cookies para mejorar continuamente nuestro sitio. Al saber con qu\u00e9 frecuencia visita nuestro sitio y qu\u00e9 informaci\u00f3n es m\u00e1s interesante para usted, podemos crear contenido que se adapte mejor a las necesidades de nuestros visitantes. Puede reconfigurar su navegador para rechazar todas las cookies o indicar cuando se env\u00eda una cookie. Sin embargo, es posible que algunas caracter\u00edsticas o servicios del sitio no funcionen correctamente sin cookies.<\/p>\n<p>Usamos cookies de sesi\u00f3n para rastrear la cantidad total de visitantes a nuestros Sitios de manera global an\u00f3nima, sin ning\u00fan dato personal. Al usar cookies para recordarle a su computadora cuando se est\u00e1 usando para volver a los Sitios, ayudar a personalizar su uso de nuestros Sitios o hacer que dicho uso sea m\u00e1s c\u00f3modo, es posible que vinculemos informaci\u00f3n personal con un archivo de cookie. Puede usar las opciones en su navegador web si no desea recibir una cookie o si desea que su navegador le notifique al recibir una cookie. Puede borrar cualquier cookie que haya sido instalada en la carpeta de cookies de su navegador. El men\u00fa de ayuda de su navegador puede brindar informaci\u00f3n sobre c\u00f3mo cambiar las configuraciones de cookies en el navegador.<\/p>\n<p>Por lo general, las cookies contienen el nombre del dominio de origen de la cookie, la &#8220;duraci\u00f3n&#8221; de la cookie y un n\u00famero \u00fanico generado aleatoriamente u otro valor usado con fines de rastreo. Ciertas cookies se usar\u00e1n en los Sitios independientemente de si ha iniciado sesi\u00f3n en su cuenta o no. Como muchos sitios web, usamos cookies para:<\/p>\n<p>Analizar la actividad de los usuarios para mejorar nuestros Sitios, como observar las cantidades y tipos de b\u00fasquedas que realizan los usuarios en nuestros Sitios, lo que nos permite conocer mejor c\u00f3mo mejorar la funcionalidad y la experiencia de los usuarios de los Sitios.<\/p>\n<p>Almacenar las preferencias de los usuarios en nuestros Sitios, como las cantidades y tipos de b\u00fasquedas que los usuarios realizan en nuestros Sitios, y almacenar b\u00fasquedas recientes que los usuarios hayan realizado, lo que les permite repetir esas b\u00fasquedas cuando vuelvan a nuestros Sitios.<\/p>\n<p><strong><\/strong><\/p>\n<p><strong>Nuestro uso de Google Analytics<\/strong><br \/>Usamos Google Analytics para poder analizar mejor las maneras de mejorar la funcionalidad y experiencia de los usuarios de nuestros Sitios. Google Analytics es una herramienta de anal\u00edtica web que permite que los propietarios de sitios web comprendan c\u00f3mo los visitantes interact\u00faan con su sitio web. Los clientes de Google Analytics pueden ver una variedad de informes sobre c\u00f3mo los visitantes interact\u00faan con su sitio web, para as\u00ed poder mejorarlo.<\/p>\n<p>Como muchos servicios, Google Analytics usa cookies de origen para rastrear las interacciones de los visitantes, como en nuestro caso, donde se usan para recopilar informaci\u00f3n sobre c\u00f3mo usan nuestro sitio los visitantes. Luego usamos la informaci\u00f3n para generar informes y ayudarnos a mejorar nuestro sitio.<\/p>\n<p>Google Analytics recopila informaci\u00f3n de manera an\u00f3nima. Informa sobre tendencias de sitios web sin identificar a los visitantes particulares. Usted puede optar por inhabilitar Google Analytics sin que eso afecte la manera en que visita nuestro sitio. Para obtener m\u00e1s informaci\u00f3n sobre c\u00f3mo inhabilitar el rastreo de Google Analytics en los sitios web que usa, visite la p\u00e1gina de complemento de inhabilitaci\u00f3n para navegadores de Google Analytics en https:\/\/tools.google.com\/dlpage\/gaoptout .<\/p>\n<p>Para conocer m\u00e1s sobre c\u00f3mo Google usa los datos cuando los sitios web usan su herramienta Google Analytics, visite la p\u00e1gina &#8220;C\u00f3mo utiliza Google la informaci\u00f3n de sitios web o aplicaciones que utilizan nuestros servicios&#8221; en https:\/\/www.google.com\/policies\/privacy\/partners\/ .<\/p>\n<p><strong><\/strong><\/p>\n<p><strong>Seguridad del correo electr\u00f3nico<\/strong><br \/>Los Sitios brindan oportunidades para comunicarse con algunos miembros del personal por correo electr\u00f3nico. Como el correo electr\u00f3nico regular no est\u00e1 cifrado, existe la posibilidad de que personas no autorizadas intercepten mensajes de correo electr\u00f3nico con nosotros. No somos responsables de la privacidad de los mensajes de correo electr\u00f3nico, excepto aquellos almacenados en nuestro sistema. Tenga en cuenta que nunca pedir\u00edamos informaci\u00f3n personal, como la informaci\u00f3n de su cuenta bancaria, por correo electr\u00f3nico. Si alguna vez recibe una solicitud como esta, comun\u00edquese con el Centro de Quejas de Delitos Cibern\u00e9ticos, que es una colaboraci\u00f3n entre el FBI y el Centro Nacional de Delitos de Cuello Blanco.<\/p>\n<p><strong><\/strong><\/p>\n<p><strong>V\u00ednculos a otros sitios<\/strong><br \/>Para brindar otras fuentes de informaci\u00f3n a nuestros visitantes, algunas p\u00e1ginas dentro de nuestros Sitios pueden estar vinculadas a sitios web de terceros que no administramos ni controlamos. Tenga en cuenta que no revisamos, controlamos ni asumimos responsabilidad por el contenido de esos sitios. Adem\u00e1s, estos v\u00ednculos no implican aprobaci\u00f3n ni credibilidad de servicio, informaci\u00f3n o productos.<\/p>\n<p><strong><\/strong><\/p>\n<p><strong>T\u00e9rminos de uso<\/strong><br \/>Al usar este sitio web, usted acepta los T\u00e9rminos de uso, que est\u00e1n disponibles en \/terms-of-use\/ con esta Pol\u00edtica de privacidad y cualquier otra pol\u00edtica o pautas incorporadas a este Acuerdo sobre su acceso y uso de los Sitios, antes de acceder, navegar o usar los Sitios. Si no acepta los T\u00e9rminos de uso o la Pol\u00edtica de privacidad estipulados en el Acuerdo, no podr\u00e1 usar ni acceder a los Sitios ni a ning\u00fan contenido. Al usar o acceder a los Sitios, o hacer clic para aceptar o estar de acuerdo con estos t\u00e9rminos si se le presentara la opci\u00f3n, usted reconoce que ha le\u00eddo, comprende y acepta regirse por esta Pol\u00edtica de privacidad, los T\u00e9rminos de uso y cualquier otra pol\u00edtica o pautas incorporadas al Acuerdo mediante referencia.<\/p>\n<p><strong><\/strong><\/p>\n<p><strong>Modificaciones o cambios en esta Pol\u00edtica de privacidad<\/strong><br \/>Nos reservamos el derecho a modificar o cambiar los t\u00e9rminos de este aviso de Pol\u00edtica de privacidad. El nuevo aviso estar\u00e1 a su disposici\u00f3n, previa solicitud, en nuestra oficina y en el sitio web. Cualquiera de estas modificaciones tiene efecto inmediato una vez publicada. Cada uso que haga de los Sitios constituye su aceptaci\u00f3n incondicional de las versiones vigentes en ese momento de la Pol\u00edtica de privacidad en el momento de su uso. Se recomienda revisar peri\u00f3dicamente esta Pol\u00edtica de privacidad para mantenerse informado de cualquier actualizaci\u00f3n o cambio.<\/p>\n<p>[\/et_pb_text][\/et_pb_column][\/et_pb_row][\/et_pb_section]<\/p>\n","protected":false},"excerpt":{"rendered":"<p>Pol\u00edtica de privacidadPOL\u00cdTICA DE PRIVACIDAD del sitio web de LiBBY\u00daltima revisi\u00f3n 30 de septiembre de 2022 (\u201cFecha de vigencia\u201d)Gracias por su inter\u00e9s en el programa Beneficios para el final de la vida del cannabidiol y el tetrahidrocannabinol (LiBBY) de Keck School of Medicine de USC (\u201cLiBBY\u201d y \u201cPrograma\u201d). LiBBY est\u00e1 dise\u00f1ado y realizado por el [&hellip;]<\/p>\n","protected":false},"author":1,"featured_media":0,"parent":0,"menu_order":0,"comment_status":"closed","ping_status":"closed","template":"","meta":{"_et_pb_use_builder":"on","_et_pb_old_content":"","_et_gb_content_width":"","footnotes":""},"difl_page_category":[],"class_list":["post-51256","page","type-page","status-publish","hentry"],"_links":{"self":[{"href":"https:\/\/libbystudy.org\/es\/wp-json\/wp\/v2\/pages\/51256","targetHints":{"allow":["GET"]}}],"collection":[{"href":"https:\/\/libbystudy.org\/es\/wp-json\/wp\/v2\/pages"}],"about":[{"href":"https:\/\/libbystudy.org\/es\/wp-json\/wp\/v2\/types\/page"}],"author":[{"embeddable":true,"href":"https:\/\/libbystudy.org\/es\/wp-json\/wp\/v2\/users\/1"}],"replies":[{"embeddable":true,"href":"https:\/\/libbystudy.org\/es\/wp-json\/wp\/v2\/comments?post=51256"}],"version-history":[{"count":3,"href":"https:\/\/libbystudy.org\/es\/wp-json\/wp\/v2\/pages\/51256\/revisions"}],"predecessor-version":[{"id":51547,"href":"https:\/\/libbystudy.org\/es\/wp-json\/wp\/v2\/pages\/51256\/revisions\/51547"}],"wp:attachment":[{"href":"https:\/\/libbystudy.org\/es\/wp-json\/wp\/v2\/media?parent=51256"}],"wp:term":[{"taxonomy":"difl_page_category","embeddable":true,"href":"https:\/\/libbystudy.org\/es\/wp-json\/wp\/v2\/difl_page_category?post=51256"}],"curies":[{"name":"wp","href":"https:\/\/api.w.org\/{rel}","templated":true}]}}