{"id":51294,"date":"2022-05-19T19:59:09","date_gmt":"2022-05-20T02:59:09","guid":{"rendered":"https:\/\/atri.usc.edu\/libby\/por-que-thc-y-cbd\/"},"modified":"2024-01-09T11:31:04","modified_gmt":"2024-01-09T19:31:04","slug":"por-que-thc-y-cbd","status":"publish","type":"page","link":"https:\/\/libbystudy.org\/es\/por-que-thc-y-cbd\/","title":{"rendered":"\u00bfPor qu\u00e9 THC y CBD?"},"content":{"rendered":"<p>[et_pb_section fb_built=&#8221;1&#8243; _builder_version=&#8221;4.17.4&#8243; _module_preset=&#8221;default&#8221; background_color=&#8221;#FFFFFF&#8221; custom_padding=&#8221;0px|0px|0|0px|false|false&#8221; locked=&#8221;off&#8221; global_colors_info=&#8221;{}&#8221;][et_pb_row column_structure=&#8221;2_3,1_3&#8243; use_custom_gutter=&#8221;on&#8221; gutter_width=&#8221;1&#8243; module_class=&#8221; et_pb_row_fullwidth&#8221; _builder_version=&#8221;4.18.0&#8243; _module_preset=&#8221;default&#8221; width=&#8221;100%&#8221; width_tablet=&#8221;100%&#8221; width_phone=&#8221;100%&#8221; width_last_edited=&#8221;on|desktop&#8221; max_width=&#8221;100%&#8221; max_width_tablet=&#8221;100%&#8221; max_width_phone=&#8221;100%&#8221; max_width_last_edited=&#8221;on|desktop&#8221; custom_padding=&#8221;0px|0px|0|0px|false|false&#8221; animation_direction=&#8221;right&#8221; make_fullwidth=&#8221;on&#8221; locked=&#8221;off&#8221; global_colors_info=&#8221;{}&#8221;][et_pb_column type=&#8221;2_3&#8243; _builder_version=&#8221;4.16&#8243; _module_preset=&#8221;default&#8221; background_color=&#8221;#477169&#8243; custom_padding=&#8221;6%|6%|2%|6%&#8221; global_colors_info=&#8221;{}&#8221; custom_padding__hover=&#8221;|||&#8221;][et_pb_text _builder_version=&#8221;4.22.1&#8243; _module_preset=&#8221;ee342e2a-648f-49cd-a913-94499ea1fdad&#8221; text_font=&#8221;Source Sans Pro||||||||&#8221; text_text_color=&#8221;#FFFFFF&#8221; text_font_size=&#8221;22px&#8221; header_font=&#8221;Lora||||||||&#8221; header_text_color=&#8221;#FFFFFF&#8221; header_2_font=&#8221;Lora||||||||&#8221; header_2_text_color=&#8221;#FFFFFF&#8221; header_2_font_size=&#8221;53px&#8221; header_3_font=&#8221;Lora||||||||&#8221; header_3_text_color=&#8221;#477169&#8243; header_3_font_size=&#8221;38px&#8221; header_4_font=&#8221;Source Sans Pro||||||||&#8221; header_4_text_color=&#8221;#477169&#8243; header_4_font_size=&#8221;32px&#8221; header_5_font=&#8221;Lora||||||||&#8221; header_5_text_color=&#8221;#477169&#8243; header_5_font_size=&#8221;22px&#8221; header_6_font=&#8221;Source Sans Pro|||on|||||&#8221; custom_padding=&#8221;||3px||false|false&#8221; hover_enabled=&#8221;0&#8243; global_colors_info=&#8221;{}&#8221; header_font_size=&#8221;53px&#8221; sticky_enabled=&#8221;0&#8243;]<\/p>\n<h1>\u00bfPor qu\u00e9 THC y CBD?<\/h1>\n<p>[\/et_pb_text][et_pb_text _builder_version=&#8221;4.18.0&#8243; _module_preset=&#8221;249ebdaf-76ef-44df-8686-3f7aeca9ee2e&#8221; text_font=&#8221;Source Sans Pro||||||||&#8221; text_text_color=&#8221;#FFFFFF&#8221; header_font=&#8221;Lora|600|||||||&#8221; header_text_color=&#8221;#477169&#8243; header_2_font=&#8221;Lora||||||||&#8221; header_2_text_color=&#8221;#477169&#8243; header_2_font_size=&#8221;53px&#8221; header_3_font=&#8221;Lora||||||||&#8221; header_3_text_color=&#8221;#477169&#8243; header_3_font_size=&#8221;38px&#8221; header_4_font=&#8221;Source Sans Pro||||||||&#8221; header_4_text_color=&#8221;#FFFFFF&#8221; header_4_font_size=&#8221;30px&#8221; header_5_font=&#8221;Lora||||||||&#8221; header_5_text_color=&#8221;#477169&#8243; header_5_font_size=&#8221;22px&#8221; header_6_font=&#8221;Source Sans Pro|||on|||||&#8221; custom_margin=&#8221;||24px&#8221; custom_padding=&#8221;|||2px&#8221; global_colors_info=&#8221;{}&#8221;]<\/p>\n<p>Investigaci\u00f3n de los posibles beneficios de una combinaci\u00f3n espec\u00edfica de THC y CBD.<\/p>\n<p>[\/et_pb_text][et_pb_text _builder_version=&#8221;4.16&#8243; _module_preset=&#8221;ee342e2a-648f-49cd-a913-94499ea1fdad&#8221; text_font=&#8221;Source Sans Pro||||||||&#8221; text_text_color=&#8221;#477169&#8243; text_font_size=&#8221;22px&#8221; header_font=&#8221;Lora|600|||||||&#8221; header_text_color=&#8221;#477169&#8243; header_2_font=&#8221;Lora||||||||&#8221; header_2_text_color=&#8221;#477169&#8243; header_2_font_size=&#8221;53px&#8221; header_3_font=&#8221;Lora||||||||&#8221; header_3_text_color=&#8221;#477169&#8243; header_3_font_size=&#8221;38px&#8221; header_4_font=&#8221;Source Sans Pro||||||||&#8221; header_4_text_color=&#8221;#477169&#8243; header_4_font_size=&#8221;30px&#8221; header_5_font=&#8221;Lora||||||||&#8221; header_5_text_color=&#8221;#477169&#8243; header_5_font_size=&#8221;22px&#8221; header_6_font=&#8221;Source Sans Pro|||on|||||&#8221; custom_margin=&#8221;||24px&#8221; custom_padding=&#8221;|||2px&#8221; global_colors_info=&#8221;{}&#8221;][\/et_pb_text][\/et_pb_column][et_pb_column type=&#8221;1_3&#8243; _builder_version=&#8221;4.16&#8243; _module_preset=&#8221;default&#8221; custom_padding=&#8221;|6%||&#8221; global_colors_info=&#8221;{}&#8221; custom_padding__hover=&#8221;|||&#8221;][\/et_pb_column][\/et_pb_row][\/et_pb_section][et_pb_section fb_built=&#8221;1&#8243; _builder_version=&#8221;4.18.0&#8243; custom_padding=&#8221;80px||110px||false|false&#8221; bottom_divider_style=&#8221;waves&#8221; bottom_divider_color=&#8221;#477169&#8243; bottom_divider_height=&#8221;32px&#8221; global_colors_info=&#8221;{}&#8221;][et_pb_row _builder_version=&#8221;4.22.1&#8243; width=&#8221;48%&#8221; width_tablet=&#8221;48%&#8221; width_phone=&#8221;80%&#8221; width_last_edited=&#8221;on|phone&#8221; custom_padding=&#8221;||29px|||&#8221; animation_direction=&#8221;top&#8221; global_colors_info=&#8221;{}&#8221;][et_pb_column type=&#8221;4_4&#8243; _builder_version=&#8221;4.16&#8243; custom_padding=&#8221;|||&#8221; global_colors_info=&#8221;{}&#8221; custom_padding__hover=&#8221;|||&#8221;][et_pb_text admin_label=&#8221;1&#8243; _builder_version=&#8221;4.17.4&#8243; animation_direction=&#8221;top&#8221; locked=&#8221;off&#8221; global_colors_info=&#8221;{}&#8221;]<\/p>\n<h3 style=\"text-align: center;\">THC\/CBD y el Estudio LiBBY<\/h3>\n<p>[\/et_pb_text][\/et_pb_column][\/et_pb_row][et_pb_row column_structure=&#8221;1_2,1_2&#8243; use_custom_gutter=&#8221;on&#8221; gutter_width=&#8221;2&#8243; make_equal=&#8221;on&#8221; _builder_version=&#8221;4.22.1&#8243; width=&#8221;48%&#8221; width_tablet=&#8221;48%&#8221; width_phone=&#8221;80%&#8221; width_last_edited=&#8221;on|phone&#8221; custom_padding=&#8221;||48px|||&#8221; animation_direction=&#8221;top&#8221; global_colors_info=&#8221;{}&#8221;][et_pb_column type=&#8221;1_2&#8243; _builder_version=&#8221;4.18.0&#8243; background_color=&#8221;#E9EAE6&#8243; custom_padding=&#8221;5%|4%|5%|4%|true|true&#8221; border_width_top=&#8221;10px&#8221; border_color_top=&#8221;#477169&#8243; global_colors_info=&#8221;{}&#8221; custom_padding__hover=&#8221;|||&#8221;][et_pb_text _builder_version=&#8221;4.18.0&#8243; _module_preset=&#8221;default&#8221; text_text_color=&#8221;#477169&#8243; global_colors_info=&#8221;{}&#8221;]<\/p>\n<p style=\"text-align: center;\"><strong>THC significa Delta-9-tetrahidrocannabinol.<\/strong><\/p>\n<p>[\/et_pb_text][\/et_pb_column][et_pb_column type=&#8221;1_2&#8243; _builder_version=&#8221;4.18.0&#8243; _module_preset=&#8221;default&#8221; background_color=&#8221;#E9EAE6&#8243; custom_padding=&#8221;5%|4%|5%|4%|true|true&#8221; border_width_top=&#8221;10px&#8221; border_color_top=&#8221;#477169&#8243; global_colors_info=&#8221;{}&#8221;][et_pb_text _builder_version=&#8221;4.18.0&#8243; _module_preset=&#8221;default&#8221; text_text_color=&#8221;#477169&#8243; global_colors_info=&#8221;{}&#8221;]<\/p>\n<p style=\"text-align: center;\"><strong>CBD significa cannabidiol.<\/strong><\/p>\n<p>[\/et_pb_text][\/et_pb_column][\/et_pb_row][et_pb_row _builder_version=&#8221;4.22.1&#8243; _module_preset=&#8221;default&#8221; width=&#8221;48%&#8221; width_tablet=&#8221;48%&#8221; width_phone=&#8221;80%&#8221; width_last_edited=&#8221;on|phone&#8221; custom_padding=&#8221;||48px|||&#8221; global_colors_info=&#8221;{}&#8221; width__hover_enabled=&#8221;off|desktop&#8221;][et_pb_column type=&#8221;4_4&#8243; _builder_version=&#8221;4.17.4&#8243; _module_preset=&#8221;default&#8221; global_colors_info=&#8221;{}&#8221;][et_pb_text admin_label=&#8221;1&#8243; _builder_version=&#8221;4.18.0&#8243; custom_margin=&#8221;||40px|||&#8221; animation_direction=&#8221;top&#8221; locked=&#8221;off&#8221; global_colors_info=&#8221;{}&#8221;]<\/p>\n<p>Los investigadores del Estudio LiBBY est\u00e1n estudiando los posibles beneficios de una combinaci\u00f3n espec\u00edfica de THC y CBD para el tratamiento de la agitaci\u00f3n en pacientes elegibles para cuidados paliativos de fin de vida con la enfermedad de Alzheimer u otros tipos de demencia. Los estudios han demostrado que la combinaci\u00f3n de THC y CBD puede dar lugar a una mejor\u00eda de una variedad de s\u00edntomas que sufren los pacientes en las \u00faltimas etapas de la enfermedad de Alzheimer y otros tipos de demencia.<\/p>\n<p>La agitaci\u00f3n es frecuente en las personas con demencia en las \u00faltimas etapas de la vida y a menudo conducen a tasas m\u00e1s altas de eventos desagradables, como las ca\u00eddas. En especial, cuando se tratan con medicamentos como las benzodiacepinas, la morfina y los antipsic\u00f3ticos.<\/p>\n<p>El Estudio LiBBY analiza si una combinaci\u00f3n de THC y CBD puede ser una alternativa m\u00e1s segura para manejar la agitaci\u00f3n en las personas con demencia en las \u00faltimas etapas de la vida.<\/p>\n<p>[\/et_pb_text][et_pb_button button_url=&#8221;https:\/\/libbystudy.org\/es\/preguntas-frecuentes#about-study&#8221; button_text=&#8221;Ver preguntas frecuentes acerca del estudio&#8221; button_alignment=&#8221;center&#8221; _builder_version=&#8221;4.22.1&#8243; _module_preset=&#8221;fea357cf-ffee-4043-9d59-993cb3628dae&#8221; global_colors_info=&#8221;{}&#8221;][\/et_pb_button][\/et_pb_column][\/et_pb_row][et_pb_row _builder_version=&#8221;4.22.1&#8243; _module_preset=&#8221;default&#8221; width=&#8221;48%&#8221; width_tablet=&#8221;48%&#8221; width_phone=&#8221;80%&#8221; width_last_edited=&#8221;on|phone&#8221; custom_padding=&#8221;||48px|||&#8221; global_colors_info=&#8221;{}&#8221; width__hover_enabled=&#8221;off|desktop&#8221;][et_pb_column type=&#8221;4_4&#8243; _builder_version=&#8221;4.17.4&#8243; _module_preset=&#8221;default&#8221; global_colors_info=&#8221;{}&#8221;][et_pb_text _builder_version=&#8221;4.18.0&#8243; _module_preset=&#8221;default&#8221; global_colors_info=&#8221;{}&#8221;]<\/p>\n<h3>Evidencia que respalda el uso del THC y el CBD<\/h3>\n<p>[\/et_pb_text][et_pb_text admin_label=&#8221;1&#8243; _builder_version=&#8221;4.17.3&#8243; custom_margin=&#8221;||40px|||&#8221; animation_direction=&#8221;top&#8221; locked=&#8221;off&#8221; global_colors_info=&#8221;{}&#8221;]<\/p>\n<p>Las acciones recientes de la Administraci\u00f3n de Alimentos y Medicamentos (FDA, por sus siglas en ingl\u00e9s) de los EE. UU. demuestran los posibles beneficios de los cannabinoides, como THC y CBD, para el tratamiento de afecciones m\u00e9dicas espec\u00edficas. En 2018, la FDA aprob\u00f3 el uso de CBD desarrollado a partir de cannabis para el tratamiento de algunas formas de epilepsia. La FDA ha aprobado tres formas sint\u00e9ticas de THC para el manejo de las n\u00e1useas y el apetito: Marinol (dronabinol), Syndros (dronabinol) y Cesamet (nabilona).<\/p>\n<p>El Estudio LiBBY cuenta con el apoyo de los Institutos Nacionales de Salud (NIH, por sus siglas en ingl\u00e9s) y se desarrollar\u00e1 de acuerdo con las normas de la FDA, as\u00ed como las normas federales y locales.<\/p>\n<p>[\/et_pb_text][et_pb_button button_url=&#8221;https:\/\/libbystudy.org\/es\/preguntas-frecuentes#about-thc&#8221; button_text=&#8221;Ver preguntas frecuentes acerca del THC y el CBD&#8221; button_alignment=&#8221;center&#8221; _builder_version=&#8221;4.22.1&#8243; _module_preset=&#8221;fea357cf-ffee-4043-9d59-993cb3628dae&#8221; global_colors_info=&#8221;{}&#8221;][\/et_pb_button][\/et_pb_column][\/et_pb_row][\/et_pb_section]<\/p>\n","protected":false},"excerpt":{"rendered":"<p>\u00bfPor qu\u00e9 THC y CBD?Investigaci\u00f3n de los posibles beneficios de una combinaci\u00f3n espec\u00edfica de THC y CBD.THC\/CBD y el Estudio LiBBYTHC significa Delta-9-tetrahidrocannabinol.CBD significa cannabidiol.Los investigadores del Estudio LiBBY est\u00e1n estudiando los posibles beneficios de una combinaci\u00f3n espec\u00edfica de THC y CBD para el tratamiento de la agitaci\u00f3n en pacientes elegibles para cuidados paliativos de [&hellip;]<\/p>\n","protected":false},"author":1,"featured_media":0,"parent":0,"menu_order":0,"comment_status":"closed","ping_status":"closed","template":"","meta":{"_et_pb_use_builder":"on","_et_pb_old_content":"","_et_gb_content_width":"","footnotes":""},"difl_page_category":[],"class_list":["post-51294","page","type-page","status-publish","hentry"],"_links":{"self":[{"href":"https:\/\/libbystudy.org\/es\/wp-json\/wp\/v2\/pages\/51294","targetHints":{"allow":["GET"]}}],"collection":[{"href":"https:\/\/libbystudy.org\/es\/wp-json\/wp\/v2\/pages"}],"about":[{"href":"https:\/\/libbystudy.org\/es\/wp-json\/wp\/v2\/types\/page"}],"author":[{"embeddable":true,"href":"https:\/\/libbystudy.org\/es\/wp-json\/wp\/v2\/users\/1"}],"replies":[{"embeddable":true,"href":"https:\/\/libbystudy.org\/es\/wp-json\/wp\/v2\/comments?post=51294"}],"version-history":[{"count":10,"href":"https:\/\/libbystudy.org\/es\/wp-json\/wp\/v2\/pages\/51294\/revisions"}],"predecessor-version":[{"id":51548,"href":"https:\/\/libbystudy.org\/es\/wp-json\/wp\/v2\/pages\/51294\/revisions\/51548"}],"wp:attachment":[{"href":"https:\/\/libbystudy.org\/es\/wp-json\/wp\/v2\/media?parent=51294"}],"wp:term":[{"taxonomy":"difl_page_category","embeddable":true,"href":"https:\/\/libbystudy.org\/es\/wp-json\/wp\/v2\/difl_page_category?post=51294"}],"curies":[{"name":"wp","href":"https:\/\/api.w.org\/{rel}","templated":true}]}}